{"id":300,"date":"2024-07-18T03:16:49","date_gmt":"2024-07-18T03:16:49","guid":{"rendered":"https:\/\/somosdepaz.com\/?page_id=300"},"modified":"2024-08-31T16:00:01","modified_gmt":"2024-08-31T16:00:01","slug":"quienes-somos","status":"publish","type":"page","link":"https:\/\/somosdepaz.com\/home\/quienes-somos\/","title":{"rendered":"Qui\u00e9nes somos"},"content":{"rendered":"\t\t<div data-elementor-type=\"wp-page\" data-elementor-id=\"300\" class=\"elementor elementor-300\" data-elementor-post-type=\"page\">\n\t\t\t\t\t\t<section class=\"elementor-section elementor-top-section elementor-element elementor-element-a14d310 elementor-section-boxed elementor-section-height-default elementor-section-height-default\" data-id=\"a14d310\" data-element_type=\"section\" data-settings=\"{&quot;background_background&quot;:&quot;slideshow&quot;,&quot;background_slideshow_gallery&quot;:[{&quot;id&quot;:105,&quot;url&quot;:&quot;https:\\\/\\\/somosdepaz.com\\\/wp-content\\\/uploads\\\/2024\\\/07\\\/Home-02-1.png&quot;}],&quot;background_slideshow_ken_burns&quot;:&quot;yes&quot;,&quot;background_slideshow_slide_duration&quot;:7000,&quot;background_slideshow_loop&quot;:&quot;yes&quot;,&quot;background_slideshow_slide_transition&quot;:&quot;fade&quot;,&quot;background_slideshow_transition_duration&quot;:500,&quot;background_slideshow_ken_burns_zoom_direction&quot;:&quot;in&quot;}\">\n\t\t\t\t\t\t\t<div class=\"elementor-background-overlay\"><\/div>\n\t\t\t\t\t\t\t<div class=\"elementor-container elementor-column-gap-no\">\n\t\t\t\t\t<div class=\"elementor-column elementor-col-100 elementor-top-column elementor-element elementor-element-383eb53\" data-id=\"383eb53\" data-element_type=\"column\">\n\t\t\t<div class=\"elementor-widget-wrap elementor-element-populated\">\n\t\t\t\t\t\t<div class=\"elementor-element elementor-element-2e00036 animated-slow elementor-invisible elementor-widget elementor-widget-heading\" data-id=\"2e00036\" data-element_type=\"widget\" data-settings=\"{&quot;_animation&quot;:&quot;fadeInDown&quot;}\" data-widget_type=\"heading.default\">\n\t\t\t\t<div class=\"elementor-widget-container\">\n\t\t\t<h2 class=\"elementor-heading-title elementor-size-default\">\u00bfQui\u00e9nes Somos?<\/h2>\t\t<\/div>\n\t\t\t\t<\/div>\n\t\t\t\t<div class=\"elementor-element elementor-element-35fdd0b animated-slow elementor-invisible elementor-widget elementor-widget-text-editor\" data-id=\"35fdd0b\" data-element_type=\"widget\" data-settings=\"{&quot;_animation&quot;:&quot;fadeInUp&quot;}\" data-widget_type=\"text-editor.default\">\n\t\t\t\t<div class=\"elementor-widget-container\">\n\t\t\t\t\t\t\t<p><span style=\"font-size: 16.8px;\">Somos una organizaci\u00f3n cristiana que tiene como prop\u00f3sito expresar el amor del Pr\u00edncipe de Paz (Isa\u00edas 9:6) a nuestro pr\u00f3jimo, especialmente a los m\u00e1s vulnerables y necesitados.<\/span><\/p>\t\t\t\t\t\t<\/div>\n\t\t\t\t<\/div>\n\t\t\t\t\t<\/div>\n\t\t<\/div>\n\t\t\t\t\t<\/div>\n\t\t<\/section>\n\t\t\t\t<section class=\"elementor-section elementor-top-section elementor-element elementor-element-394b4f0 elementor-section-boxed elementor-section-height-default elementor-section-height-default\" data-id=\"394b4f0\" data-element_type=\"section\" data-settings=\"{&quot;background_background&quot;:&quot;classic&quot;}\">\n\t\t\t\t\t\t\t<div class=\"elementor-background-overlay\"><\/div>\n\t\t\t\t\t\t\t<div class=\"elementor-container elementor-column-gap-no\">\n\t\t\t\t\t<div class=\"elementor-column elementor-col-100 elementor-top-column elementor-element elementor-element-3958c33\" data-id=\"3958c33\" data-element_type=\"column\">\n\t\t\t<div class=\"elementor-widget-wrap elementor-element-populated\">\n\t\t\t\t\t\t<section class=\"elementor-section elementor-inner-section elementor-element elementor-element-2444504 elementor-section-boxed elementor-section-height-default elementor-section-height-default\" data-id=\"2444504\" data-element_type=\"section\">\n\t\t\t\t\t\t<div class=\"elementor-container elementor-column-gap-no\">\n\t\t\t\t\t<div class=\"elementor-column elementor-col-50 elementor-inner-column elementor-element elementor-element-2999506\" data-id=\"2999506\" data-element_type=\"column\">\n\t\t\t<div class=\"elementor-widget-wrap elementor-element-populated\">\n\t\t\t\t\t\t<div class=\"elementor-element elementor-element-374c0c7 animated-slow elementor-invisible elementor-widget elementor-widget-heading\" data-id=\"374c0c7\" data-element_type=\"widget\" data-settings=\"{&quot;_animation&quot;:&quot;fadeInLeft&quot;}\" data-widget_type=\"heading.default\">\n\t\t\t\t<div class=\"elementor-widget-container\">\n\t\t\t<h2 class=\"elementor-heading-title elementor-size-default\">Qui\u00e9nes somos<\/h2>\t\t<\/div>\n\t\t\t\t<\/div>\n\t\t\t\t<div class=\"elementor-element elementor-element-9e720b0 animated-slow elementor-widget-divider--view-line elementor-invisible elementor-widget elementor-widget-divider\" data-id=\"9e720b0\" data-element_type=\"widget\" data-settings=\"{&quot;_animation&quot;:&quot;fadeInLeft&quot;}\" data-widget_type=\"divider.default\">\n\t\t\t\t<div class=\"elementor-widget-container\">\n\t\t\t\t\t<div class=\"elementor-divider\">\n\t\t\t<span class=\"elementor-divider-separator\">\n\t\t\t\t\t\t<\/span>\n\t\t<\/div>\n\t\t\t\t<\/div>\n\t\t\t\t<\/div>\n\t\t\t\t<div class=\"elementor-element elementor-element-0141335 animated-slow elementor-invisible elementor-widget elementor-widget-heading\" data-id=\"0141335\" data-element_type=\"widget\" data-settings=\"{&quot;_animation&quot;:&quot;fadeInUp&quot;}\" data-widget_type=\"heading.default\">\n\t\t\t\t<div class=\"elementor-widget-container\">\n\t\t\t<h2 class=\"elementor-heading-title elementor-size-default\">Somos una organizaci\u00f3n cristiana que tiene como prop\u00f3sito expresar el amor del Pr\u00edncipe de Paz (Isa\u00edas 9:6) a nuestro pr\u00f3jimo, especialmente a los m\u00e1s vulnerables y necesitados. Es nuestro Se\u00f1or quien dijo: la paz os dejo, mi paz os doy; yo no os la turbe vuestro coraz\u00f3n, ni tenga miedo (Juan 14:27). Esta paz que un d\u00eda recibimos de \u00c9l la queremos compartir en palabra y acci\u00f3n (Mateo 25:35-40). Hablamos de aquella paz que consiste en la armon\u00eda espiritual que es el resultado de la restauraci\u00f3n de una persona por Dios.<br><br>Nuestro contexto inmediato nos presenta muchas necesidades y desaf\u00edos, tantas que nos superan con creces, por eso creemos que la \u00fanica forma de asumirlas y darles una soluci\u00f3n eficiente y eficaz es trabajando en equipo. <\/h2>\t\t<\/div>\n\t\t\t\t<\/div>\n\t\t\t\t\t<\/div>\n\t\t<\/div>\n\t\t\t\t<div class=\"elementor-column elementor-col-50 elementor-inner-column elementor-element elementor-element-d55f39c animated-slow elementor-invisible\" data-id=\"d55f39c\" data-element_type=\"column\" data-settings=\"{&quot;animation&quot;:&quot;fadeInRight&quot;}\">\n\t\t\t<div class=\"elementor-widget-wrap elementor-element-populated\">\n\t\t\t\t\t\t<div class=\"elementor-element elementor-element-651d9f0 elementor-invisible elementor-widget elementor-widget-image\" data-id=\"651d9f0\" data-element_type=\"widget\" data-settings=\"{&quot;_animation&quot;:&quot;fadeInRight&quot;}\" data-widget_type=\"image.default\">\n\t\t\t\t<div class=\"elementor-widget-container\">\n\t\t\t\t\t\t\t\t\t\t\t\t\t<img fetchpriority=\"high\" decoding=\"async\" width=\"2560\" height=\"1920\" src=\"https:\/\/somosdepaz.com\/wp-content\/uploads\/2024\/07\/Somos-002-scaled.jpg\" class=\"attachment-full size-full wp-image-586\" alt=\"\" srcset=\"https:\/\/somosdepaz.com\/wp-content\/uploads\/2024\/07\/Somos-002-scaled.jpg 2560w, https:\/\/somosdepaz.com\/wp-content\/uploads\/2024\/07\/Somos-002-300x225.jpg 300w, https:\/\/somosdepaz.com\/wp-content\/uploads\/2024\/07\/Somos-002-1024x768.jpg 1024w, https:\/\/somosdepaz.com\/wp-content\/uploads\/2024\/07\/Somos-002-768x576.jpg 768w, https:\/\/somosdepaz.com\/wp-content\/uploads\/2024\/07\/Somos-002-1536x1152.jpg 1536w, https:\/\/somosdepaz.com\/wp-content\/uploads\/2024\/07\/Somos-002-2048x1536.jpg 2048w\" sizes=\"(max-width: 2560px) 100vw, 2560px\" \/>\t\t\t\t\t\t\t\t\t\t\t\t\t<\/div>\n\t\t\t\t<\/div>\n\t\t\t\t<div class=\"elementor-element elementor-element-1d41775 elementor-widget__width-initial elementor-absolute animated-slow elementor-invisible elementor-widget elementor-widget-image\" data-id=\"1d41775\" data-element_type=\"widget\" data-settings=\"{&quot;_position&quot;:&quot;absolute&quot;,&quot;_animation&quot;:&quot;fadeInRight&quot;}\" data-widget_type=\"image.default\">\n\t\t\t\t<div class=\"elementor-widget-container\">\n\t\t\t\t\t\t\t\t\t\t\t\t\t<img decoding=\"async\" width=\"2560\" height=\"1537\" src=\"https:\/\/somosdepaz.com\/wp-content\/uploads\/2024\/07\/Somos-001-scaled.jpg\" class=\"attachment-full size-full wp-image-585\" alt=\"\" srcset=\"https:\/\/somosdepaz.com\/wp-content\/uploads\/2024\/07\/Somos-001-scaled.jpg 2560w, https:\/\/somosdepaz.com\/wp-content\/uploads\/2024\/07\/Somos-001-300x180.jpg 300w, https:\/\/somosdepaz.com\/wp-content\/uploads\/2024\/07\/Somos-001-1024x615.jpg 1024w, https:\/\/somosdepaz.com\/wp-content\/uploads\/2024\/07\/Somos-001-768x461.jpg 768w, https:\/\/somosdepaz.com\/wp-content\/uploads\/2024\/07\/Somos-001-1536x922.jpg 1536w, https:\/\/somosdepaz.com\/wp-content\/uploads\/2024\/07\/Somos-001-2048x1230.jpg 2048w\" sizes=\"(max-width: 2560px) 100vw, 2560px\" \/>\t\t\t\t\t\t\t\t\t\t\t\t\t<\/div>\n\t\t\t\t<\/div>\n\t\t\t\t\t<\/div>\n\t\t<\/div>\n\t\t\t\t\t<\/div>\n\t\t<\/section>\n\t\t\t\t<section class=\"elementor-section elementor-inner-section elementor-element elementor-element-f1dd1da elementor-section-boxed elementor-section-height-default elementor-section-height-default\" data-id=\"f1dd1da\" data-element_type=\"section\">\n\t\t\t\t\t\t<div class=\"elementor-container elementor-column-gap-no\">\n\t\t\t\t\t<div class=\"elementor-column elementor-col-50 elementor-inner-column elementor-element elementor-element-5c1add2 animated-slow elementor-invisible\" data-id=\"5c1add2\" data-element_type=\"column\" data-settings=\"{&quot;animation&quot;:&quot;fadeInLeft&quot;}\">\n\t\t\t<div class=\"elementor-widget-wrap elementor-element-populated\">\n\t\t\t\t\t\t<div class=\"elementor-element elementor-element-58d7225 elementor-invisible elementor-widget elementor-widget-image\" data-id=\"58d7225\" data-element_type=\"widget\" data-settings=\"{&quot;_animation&quot;:&quot;fadeInRight&quot;}\" data-widget_type=\"image.default\">\n\t\t\t\t<div class=\"elementor-widget-container\">\n\t\t\t\t\t\t\t\t\t\t\t\t\t<img decoding=\"async\" width=\"3024\" height=\"4032\" src=\"https:\/\/somosdepaz.com\/wp-content\/uploads\/2024\/07\/06.png\" class=\"attachment-full size-full wp-image-324\" alt=\"\" srcset=\"https:\/\/somosdepaz.com\/wp-content\/uploads\/2024\/07\/06.png 3024w, https:\/\/somosdepaz.com\/wp-content\/uploads\/2024\/07\/06-225x300.png 225w, https:\/\/somosdepaz.com\/wp-content\/uploads\/2024\/07\/06-768x1024.png 768w, https:\/\/somosdepaz.com\/wp-content\/uploads\/2024\/07\/06-1152x1536.png 1152w, https:\/\/somosdepaz.com\/wp-content\/uploads\/2024\/07\/06-1536x2048.png 1536w\" sizes=\"(max-width: 3024px) 100vw, 3024px\" \/>\t\t\t\t\t\t\t\t\t\t\t\t\t<\/div>\n\t\t\t\t<\/div>\n\t\t\t\t\t<\/div>\n\t\t<\/div>\n\t\t\t\t<div class=\"elementor-column elementor-col-50 elementor-inner-column elementor-element elementor-element-d4bc3fa animated-slow elementor-invisible\" data-id=\"d4bc3fa\" data-element_type=\"column\" data-settings=\"{&quot;animation&quot;:&quot;fadeInRight&quot;}\">\n\t\t\t<div class=\"elementor-widget-wrap elementor-element-populated\">\n\t\t\t\t\t\t<div class=\"elementor-element elementor-element-2a049a5 animated-slow elementor-widget elementor-widget-heading\" data-id=\"2a049a5\" data-element_type=\"widget\" data-settings=\"{&quot;_animation&quot;:&quot;none&quot;}\" data-widget_type=\"heading.default\">\n\t\t\t\t<div class=\"elementor-widget-container\">\n\t\t\t<h2 class=\"elementor-heading-title elementor-size-default\">So\u00f1amos con un futuro mejor para nuestra ciudad, departamento y pa\u00eds, los ni\u00f1os son el futuro, por esta raz\u00f3n, aunque nuestro objeto social es amplio y tiene alcance para cubrir todas las etapas de la vida, nuestro enfoque est\u00e1 principalmente en los m\u00e1s indefensos y vulnerables. Trabajamos arduamente para brindar alimentaci\u00f3n, educaci\u00f3n, asistencia espiritual, psicol\u00f3gica y familiar a nuestros peque\u00f1os, porque sabemos que todas las semillas de amor que plantamos en ellos redundar\u00e1n en fruto de paz y una nueva vida.<br><br>Nos tomamos en serio la exhortaci\u00f3n de San Pablo en Efesios 6:15: \u201cy calzados los pies con el apresto del evangelio de la paz\u201d.<\/h2>\t\t<\/div>\n\t\t\t\t<\/div>\n\t\t\t\t\t<\/div>\n\t\t<\/div>\n\t\t\t\t\t<\/div>\n\t\t<\/section>\n\t\t\t\t\t<\/div>\n\t\t<\/div>\n\t\t\t\t\t<\/div>\n\t\t<\/section>\n\t\t\t\t<section class=\"elementor-section elementor-top-section elementor-element elementor-element-5c7cbf3f elementor-reverse-mobile elementor-section-boxed elementor-section-height-default elementor-section-height-default\" data-id=\"5c7cbf3f\" data-element_type=\"section\" data-settings=\"{&quot;background_background&quot;:&quot;classic&quot;}\">\n\t\t\t\t\t\t\t<div class=\"elementor-background-overlay\"><\/div>\n\t\t\t\t\t\t\t<div class=\"elementor-container elementor-column-gap-no\">\n\t\t\t\t\t<div class=\"elementor-column elementor-col-100 elementor-top-column elementor-element elementor-element-59b90072\" data-id=\"59b90072\" data-element_type=\"column\">\n\t\t\t<div class=\"elementor-widget-wrap elementor-element-populated\">\n\t\t\t\t\t\t<section class=\"elementor-section elementor-inner-section elementor-element elementor-element-25289b6f elementor-section-boxed elementor-section-height-default elementor-section-height-default\" data-id=\"25289b6f\" data-element_type=\"section\">\n\t\t\t\t\t\t<div class=\"elementor-container elementor-column-gap-no\">\n\t\t\t\t\t<div class=\"elementor-column elementor-col-50 elementor-inner-column elementor-element elementor-element-812e057 animated-slow elementor-invisible\" data-id=\"812e057\" data-element_type=\"column\" data-settings=\"{&quot;animation&quot;:&quot;fadeInLeft&quot;}\">\n\t\t\t<div class=\"elementor-widget-wrap elementor-element-populated\">\n\t\t\t\t\t\t<div class=\"elementor-element elementor-element-c4bd5d0 animated-slow elementor-widget elementor-widget-heading\" data-id=\"c4bd5d0\" data-element_type=\"widget\" data-settings=\"{&quot;_animation&quot;:&quot;none&quot;}\" data-widget_type=\"heading.default\">\n\t\t\t\t<div class=\"elementor-widget-container\">\n\t\t\t<h2 class=\"elementor-heading-title elementor-size-default\">Misi\u00f3n<\/h2>\t\t<\/div>\n\t\t\t\t<\/div>\n\t\t\t\t<div class=\"elementor-element elementor-element-6f44d1c animated-slow elementor-widget-divider--view-line elementor-widget elementor-widget-divider\" data-id=\"6f44d1c\" data-element_type=\"widget\" data-settings=\"{&quot;_animation&quot;:&quot;none&quot;}\" data-widget_type=\"divider.default\">\n\t\t\t\t<div class=\"elementor-widget-container\">\n\t\t\t\t\t<div class=\"elementor-divider\">\n\t\t\t<span class=\"elementor-divider-separator\">\n\t\t\t\t\t\t<\/span>\n\t\t<\/div>\n\t\t\t\t<\/div>\n\t\t\t\t<\/div>\n\t\t\t\t<div class=\"elementor-element elementor-element-9e1c7a2 animated-slow elementor-widget elementor-widget-heading\" data-id=\"9e1c7a2\" data-element_type=\"widget\" data-settings=\"{&quot;_animation&quot;:&quot;none&quot;}\" data-widget_type=\"heading.default\">\n\t\t\t\t<div class=\"elementor-widget-container\">\n\t\t\t<h2 class=\"elementor-heading-title elementor-size-default\">Somos un equipo al servicio de familias en condiciones de vulnerabilidad que brinda especial atenci\u00f3n a la ni\u00f1ez por medio de actividades y programas que atiendan de forma integral las necesidades de nuestros afiliados para que logren una mejor calidad de vida y la construcci\u00f3n de una cultura de paz.<\/h2>\t\t<\/div>\n\t\t\t\t<\/div>\n\t\t\t\t\t<\/div>\n\t\t<\/div>\n\t\t\t\t<div class=\"elementor-column elementor-col-50 elementor-inner-column elementor-element elementor-element-bc67714 animated-slow elementor-invisible\" data-id=\"bc67714\" data-element_type=\"column\" data-settings=\"{&quot;animation&quot;:&quot;fadeInRight&quot;}\">\n\t\t\t<div class=\"elementor-widget-wrap elementor-element-populated\">\n\t\t\t\t\t\t<div class=\"elementor-element elementor-element-0c5c4d9 animated-slow elementor-widget elementor-widget-heading\" data-id=\"0c5c4d9\" data-element_type=\"widget\" data-settings=\"{&quot;_animation&quot;:&quot;none&quot;}\" data-widget_type=\"heading.default\">\n\t\t\t\t<div class=\"elementor-widget-container\">\n\t\t\t<h2 class=\"elementor-heading-title elementor-size-default\">Visi\u00f3n<\/h2>\t\t<\/div>\n\t\t\t\t<\/div>\n\t\t\t\t<div class=\"elementor-element elementor-element-2e872fb animated-slow elementor-widget-divider--view-line elementor-widget elementor-widget-divider\" data-id=\"2e872fb\" data-element_type=\"widget\" data-settings=\"{&quot;_animation&quot;:&quot;none&quot;}\" data-widget_type=\"divider.default\">\n\t\t\t\t<div class=\"elementor-widget-container\">\n\t\t\t\t\t<div class=\"elementor-divider\">\n\t\t\t<span class=\"elementor-divider-separator\">\n\t\t\t\t\t\t<\/span>\n\t\t<\/div>\n\t\t\t\t<\/div>\n\t\t\t\t<\/div>\n\t\t\t\t<div class=\"elementor-element elementor-element-f85810d animated-slow elementor-widget elementor-widget-heading\" data-id=\"f85810d\" data-element_type=\"widget\" data-settings=\"{&quot;_animation&quot;:&quot;none&quot;}\" data-widget_type=\"heading.default\">\n\t\t\t\t<div class=\"elementor-widget-container\">\n\t\t\t<h2 class=\"elementor-heading-title elementor-size-default\">En el 2030 seremos una organizaci\u00f3n l\u00edder en la prestaci\u00f3n de servicios sociales integrales a nuestros afiliados mediante el trabajo conjunto con nuestros miembros y asociados, por medio del desarrollo de proyectos end\u00f3genos que potencialicen el progreso y desarrollo de las poblaciones en las cuales ejecutamos nuestras labores.<\/h2>\t\t<\/div>\n\t\t\t\t<\/div>\n\t\t\t\t\t<\/div>\n\t\t<\/div>\n\t\t\t\t\t<\/div>\n\t\t<\/section>\n\t\t\t\t\t<\/div>\n\t\t<\/div>\n\t\t\t\t\t<\/div>\n\t\t<\/section>\n\t\t\t\t<section class=\"elementor-section elementor-top-section elementor-element elementor-element-15c37b0 elementor-section-boxed elementor-section-height-default elementor-section-height-default\" data-id=\"15c37b0\" data-element_type=\"section\" data-settings=\"{&quot;background_background&quot;:&quot;classic&quot;}\">\n\t\t\t\t\t\t\t<div class=\"elementor-background-overlay\"><\/div>\n\t\t\t\t\t\t\t<div class=\"elementor-container elementor-column-gap-no\">\n\t\t\t\t\t<div class=\"elementor-column elementor-col-100 elementor-top-column elementor-element elementor-element-7e3749d\" data-id=\"7e3749d\" data-element_type=\"column\">\n\t\t\t<div class=\"elementor-widget-wrap elementor-element-populated\">\n\t\t\t\t\t\t<div class=\"elementor-element elementor-element-f521f13 animated-slow elementor-invisible elementor-widget elementor-widget-heading\" data-id=\"f521f13\" data-element_type=\"widget\" data-settings=\"{&quot;_animation&quot;:&quot;fadeInDown&quot;,&quot;_animation_delay&quot;:1080}\" data-widget_type=\"heading.default\">\n\t\t\t\t<div class=\"elementor-widget-container\">\n\t\t\t<h2 class=\"elementor-heading-title elementor-size-default\">Nuestros Valores<\/h2>\t\t<\/div>\n\t\t\t\t<\/div>\n\t\t\t\t<div class=\"elementor-element elementor-element-3c7909d animated-slow elementor-invisible elementor-widget elementor-widget-heading\" data-id=\"3c7909d\" data-element_type=\"widget\" data-settings=\"{&quot;_animation&quot;:&quot;fadeInDown&quot;,&quot;_animation_delay&quot;:1080}\" data-widget_type=\"heading.default\">\n\t\t\t\t<div class=\"elementor-widget-container\">\n\t\t\t<h2 class=\"elementor-heading-title elementor-size-default\">Amor, Fe, Pasi\u00f3n, Liderazgo, Solidaridad, Trabajo en equipo, Desarrollo, Paz<\/h2>\t\t<\/div>\n\t\t\t\t<\/div>\n\t\t\t\t<div class=\"elementor-element elementor-element-cdddc08 animated-slow elementor-invisible elementor-widget elementor-widget-text-editor\" data-id=\"cdddc08\" data-element_type=\"widget\" data-settings=\"{&quot;_animation&quot;:&quot;fadeInUp&quot;,&quot;_animation_delay&quot;:1000}\" data-widget_type=\"text-editor.default\">\n\t\t\t\t<div class=\"elementor-widget-container\">\n\t\t\t\t\t\t\t<p><span style=\"font-size: 16.8px;\">La Fundaci\u00f3n Social Mensajeros de Paz es una organizaci\u00f3n que trabaja desde el amor con fe y pasi\u00f3n por el bien de nuestro pr\u00f3jimo, ejerciendo un liderazgo proactivo como un equipo que impulsa el desarrollo y bienestar de nuestros afiliados.<\/span><\/p>\n<p><span style=\"font-size: 16.8px;\">Nos une el amor por nuestro pr\u00f3jimo y la b\u00fasqueda de su dignificaci\u00f3n por ser hechos a imagen y semejanza de nuestro Creador<\/span><\/p>\t\t\t\t\t\t<\/div>\n\t\t\t\t<\/div>\n\t\t\t\t\t<\/div>\n\t\t<\/div>\n\t\t\t\t\t<\/div>\n\t\t<\/section>\n\t\t\t\t<section class=\"elementor-section elementor-top-section elementor-element elementor-element-d5f87fb elementor-section-full_width elementor-section-height-default elementor-section-height-default\" data-id=\"d5f87fb\" data-element_type=\"section\">\n\t\t\t\t\t\t<div class=\"elementor-container elementor-column-gap-no\">\n\t\t\t\t\t<div class=\"elementor-column elementor-col-100 elementor-top-column elementor-element elementor-element-321ee9e\" data-id=\"321ee9e\" data-element_type=\"column\">\n\t\t\t<div class=\"elementor-widget-wrap\">\n\t\t\t\t\t\t\t<\/div>\n\t\t<\/div>\n\t\t\t\t\t<\/div>\n\t\t<\/section>\n\t\t\t\t<\/div>\n\t\t","protected":false},"excerpt":{"rendered":"<p>\u00bfQui\u00e9nes Somos? Somos una organizaci\u00f3n cristiana que tiene como prop\u00f3sito expresar el amor del Pr\u00edncipe de Paz (Isa\u00edas 9:6) a nuestro pr\u00f3jimo, especialmente a los m\u00e1s vulnerables y necesitados. Qui\u00e9nes somos Somos una organizaci\u00f3n cristiana que tiene como prop\u00f3sito expresar el amor del Pr\u00edncipe de Paz (Isa\u00edas 9:6) a nuestro pr\u00f3jimo, especialmente a los m\u00e1s [&hellip;]<\/p>\n","protected":false},"author":1,"featured_media":0,"parent":0,"menu_order":0,"comment_status":"closed","ping_status":"open","template":"elementor_header_footer","meta":{"footnotes":""},"class_list":["post-300","page","type-page","status-publish","hentry"],"_links":{"self":[{"href":"https:\/\/somosdepaz.com\/home\/wp-json\/wp\/v2\/pages\/300","targetHints":{"allow":["GET"]}}],"collection":[{"href":"https:\/\/somosdepaz.com\/home\/wp-json\/wp\/v2\/pages"}],"about":[{"href":"https:\/\/somosdepaz.com\/home\/wp-json\/wp\/v2\/types\/page"}],"author":[{"embeddable":true,"href":"https:\/\/somosdepaz.com\/home\/wp-json\/wp\/v2\/users\/1"}],"replies":[{"embeddable":true,"href":"https:\/\/somosdepaz.com\/home\/wp-json\/wp\/v2\/comments?post=300"}],"version-history":[{"count":65,"href":"https:\/\/somosdepaz.com\/home\/wp-json\/wp\/v2\/pages\/300\/revisions"}],"predecessor-version":[{"id":11466,"href":"https:\/\/somosdepaz.com\/home\/wp-json\/wp\/v2\/pages\/300\/revisions\/11466"}],"wp:attachment":[{"href":"https:\/\/somosdepaz.com\/home\/wp-json\/wp\/v2\/media?parent=300"}],"curies":[{"name":"wp","href":"https:\/\/api.w.org\/{rel}","templated":true}]}}